{"id":3868,"date":"2025-04-21T11:44:26","date_gmt":"2025-04-21T09:44:26","guid":{"rendered":"https:\/\/otec.cat\/politica-de-privacidad\/"},"modified":"2025-05-28T13:16:56","modified_gmt":"2025-05-28T11:16:56","slug":"politica-de-privacidad","status":"publish","type":"page","link":"https:\/\/otec.cat\/es\/politica-de-privacidad\/","title":{"rendered":"Pol\u00edtica de privacidad"},"content":{"rendered":"<div class=\"fusion-fullwidth fullwidth-box fusion-builder-row-1 fusion-flex-container nonhundred-percent-fullwidth non-hundred-percent-height-scrolling\" style=\"--awb-border-radius-top-left:0px;--awb-border-radius-top-right:0px;--awb-border-radius-bottom-right:0px;--awb-border-radius-bottom-left:0px;--awb-flex-wrap:wrap;\" ><div class=\"fusion-builder-row fusion-row fusion-flex-align-items-flex-start fusion-flex-content-wrap\" style=\"max-width:1976px;margin-left: calc(-4% \/ 2 );margin-right: calc(-4% \/ 2 );\"><div class=\"fusion-layout-column fusion_builder_column fusion-builder-column-0 fusion_builder_column_1_6 1_6 fusion-flex-column\" style=\"--awb-bg-size:cover;--awb-width-large:16.666666666667%;--awb-margin-top-large:20px;--awb-spacing-right-large:11.52%;--awb-margin-bottom-large:20px;--awb-spacing-left-large:11.52%;--awb-width-medium:16.666666666667%;--awb-order-medium:0;--awb-spacing-right-medium:11.52%;--awb-spacing-left-medium:11.52%;--awb-width-small:100%;--awb-order-small:0;--awb-spacing-right-small:1.92%;--awb-spacing-left-small:1.92%;\"><div class=\"fusion-column-wrapper fusion-column-has-shadow fusion-flex-justify-content-flex-start fusion-content-layout-column\"><\/div><\/div><div class=\"fusion-layout-column fusion_builder_column fusion-builder-column-1 fusion_builder_column_2_3 2_3 fusion-flex-column\" style=\"--awb-bg-size:cover;--awb-width-large:66.666666666667%;--awb-margin-top-large:0px;--awb-spacing-right-large:2.88%;--awb-margin-bottom-large:0px;--awb-spacing-left-large:2.88%;--awb-width-medium:66.666666666667%;--awb-spacing-right-medium:2.88%;--awb-spacing-left-medium:2.88%;--awb-width-small:100%;--awb-spacing-right-small:1.92%;--awb-spacing-left-small:1.92%;\"><div class=\"fusion-column-wrapper fusion-flex-justify-content-flex-start fusion-content-layout-column\"><div class=\"fusion-text fusion-text-1\"><h4>Pol\u00edtica de Privacidad<\/h4>\n<p><strong>\u00daltima actualizaci\u00f3n: Mayo-2025<\/strong><\/p>\n<p>En OTEC.CAT, nos tomamos muy en serio la privacidad de los usuarios. Esta Pol\u00edtica de Privacidad tiene como objetivo informar sobre c\u00f3mo recopilamos, utilizamos y protegemos los datos personales que se puedan proporcionar a trav\u00e9s de nuestro sitio web.<\/p>\n<ol>\n<li><strong> Responsable del tratamiento<\/strong><\/li>\n<\/ol>\n<p>Nombre del responsable: <strong>Xarxa d\u2019Oficines Col\u00b7legials d\u2019impuls a la Transici\u00f3 Energ\u00e8tica (OTEC)<\/strong><\/p>\n<p>Direcci\u00f3n<strong>:<\/strong> Carrer del Consell de Cent, 365 &#8211; 08009 Barcelona<\/p>\n<p>Correo electr\u00f3nico de contacto<strong>:<\/strong> <a href=\"mailto:privacitat@otec.cat\">privacitat@otec.cat<\/a><\/p>\n<ol start=\"2\">\n<li><strong> Finalidad del tratamiento de datos<\/strong><\/li>\n<\/ol>\n<p>Los datos personales que el usuario facilite a trav\u00e9s del formulario de contacto ser\u00e1n tratados con las siguientes finalidades:<\/p>\n<ul>\n<li>Atender consultas o solicitudes enviadas por el usuario.<\/li>\n<li>Ofrecer informaci\u00f3n sobre la oficina m\u00e1s cercana seg\u00fan el distrito postal indicado.<\/li>\n<li>Enviar informaci\u00f3n relacionada con los proyectos energ\u00e9ticos, en caso de que el usuario lo haya solicitado expresamente.<\/li>\n<\/ul>\n<ol start=\"3\">\n<li><strong> Datos que se recopilan<\/strong><\/li>\n<\/ol>\n<p>Los \u00fanicos datos personales que se recogen a trav\u00e9s del sitio web son aquellos que el usuario introduce voluntariamente en el formulario de contacto. Estos pueden incluir:<\/p>\n<ul>\n<li>Empresa<\/li>\n<li>Nombre y apellidos<\/li>\n<li>Correo electr\u00f3nico<\/li>\n<li>Tel\u00e9fono (opcional)<\/li>\n<li>Distrito postal<\/li>\n<\/ul>\n<p>El sitio <strong>no recopila datos sensibles<\/strong>, ni realiza seguimiento o perfilado de los usuarios.<\/p>\n<ol start=\"4\">\n<li><strong> Base legal para el tratamiento<\/strong><\/li>\n<\/ol>\n<p>La base legal para el tratamiento de los datos es el consentimiento del usuario, otorgado libremente al enviar el formulario.<\/p>\n<ol start=\"5\">\n<li><strong> Destinatarios de los datos<\/strong><\/li>\n<\/ol>\n<p>Los datos no se comunicar\u00e1n a terceros, salvo obligaci\u00f3n legal o si fuese necesario para prestar el servicio solicitado. No se prev\u00e9 la transferencia internacional de datos.<\/p>\n<ol start=\"6\">\n<li><strong> Conservaci\u00f3n de los datos<\/strong><\/li>\n<\/ol>\n<p>Los datos proporcionados se conservar\u00e1n durante el tiempo necesario para atender la solicitud del usuario, y posteriormente se eliminar\u00e1n, salvo que exista una obligaci\u00f3n legal de conservaci\u00f3n.<\/p>\n<ol start=\"7\">\n<li><strong> Derechos del usuario<\/strong><\/li>\n<\/ol>\n<p>El usuario tiene derecho a:<\/p>\n<ul>\n<li>Acceder a sus datos personales.<\/li>\n<li>Solicitar la rectificaci\u00f3n o supresi\u00f3n de sus datos.<\/li>\n<li>Solicitar la limitaci\u00f3n u oposici\u00f3n al tratamiento.<\/li>\n<li>Retirar el consentimiento en cualquier momento.<\/li>\n<li>Presentar una reclamaci\u00f3n ante la Agencia Espa\u00f1ola de Protecci\u00f3n de Datos (<a href=\"http:\/\/www.aepd.es\" target=\"_blank\" rel=\"noopener\">www.aepd.es<\/a>).<\/li>\n<\/ul>\n<p>Para ejercer estos derechos, puede dirigirse al responsable del tratamiento mediante el correo electr\u00f3nico indicado en el apartado 1.<\/p>\n<ol start=\"8\">\n<li><strong> Seguridad de los datos<\/strong><\/li>\n<\/ol>\n<p>Aplicamos las medidas t\u00e9cnicas y organizativas necesarias para garantizar la seguridad de los datos personales y evitar su p\u00e9rdida, mal uso, alteraci\u00f3n o acceso no autorizado.<\/p>\n<ol start=\"9\">\n<li><strong> Cambios en la pol\u00edtica de privacidad<\/strong><\/li>\n<\/ol>\n<p>Nos reservamos el derecho a modificar esta Pol\u00edtica de Privacidad para adaptarla a novedades legislativas o cambios en el sitio web. Se recomienda revisarla peri\u00f3dicamente.<\/p>\n<\/div><\/div><\/div><div class=\"fusion-layout-column fusion_builder_column fusion-builder-column-2 fusion_builder_column_1_6 1_6 fusion-flex-column\" style=\"--awb-bg-size:cover;--awb-width-large:16.666666666667%;--awb-margin-top-large:20px;--awb-spacing-right-large:11.52%;--awb-margin-bottom-large:20px;--awb-spacing-left-large:11.52%;--awb-width-medium:16.666666666667%;--awb-order-medium:0;--awb-spacing-right-medium:11.52%;--awb-spacing-left-medium:11.52%;--awb-width-small:100%;--awb-order-small:0;--awb-spacing-right-small:1.92%;--awb-spacing-left-small:1.92%;\"><div class=\"fusion-column-wrapper fusion-column-has-shadow fusion-flex-justify-content-flex-start fusion-content-layout-column\"><\/div><\/div><\/div><\/div><div class=\"fusion-fullwidth fullwidth-box fusion-builder-row-2 fusion-flex-container nonhundred-percent-fullwidth non-hundred-percent-height-scrolling\" style=\"--awb-border-radius-top-left:0px;--awb-border-radius-top-right:0px;--awb-border-radius-bottom-right:0px;--awb-border-radius-bottom-left:0px;--awb-flex-wrap:wrap;\" ><div class=\"fusion-builder-row fusion-row fusion-flex-align-items-flex-start fusion-flex-content-wrap\" style=\"max-width:1976px;margin-left: calc(-4% \/ 2 );margin-right: calc(-4% \/ 2 );\"><div class=\"fusion-layout-column fusion_builder_column fusion-builder-column-3 fusion_builder_column_1_1 1_1 fusion-flex-column\" style=\"--awb-bg-size:cover;--awb-width-large:100%;--awb-margin-top-large:0px;--awb-spacing-right-large:1.92%;--awb-margin-bottom-large:0px;--awb-spacing-left-large:1.92%;--awb-width-medium:100%;--awb-spacing-right-medium:1.92%;--awb-spacing-left-medium:1.92%;--awb-width-small:100%;--awb-spacing-right-small:1.92%;--awb-spacing-left-small:1.92%;\"><div class=\"fusion-column-wrapper fusion-flex-justify-content-flex-start fusion-content-layout-column\"><div class=\"fusion-text fusion-text-2\"><\/div><\/div><\/div><\/div><\/div><!-- \/wp:post-content -->","protected":false},"excerpt":{"rendered":"","protected":false},"author":1,"featured_media":0,"parent":0,"menu_order":0,"comment_status":"closed","ping_status":"closed","template":"100-width.php","meta":{"footnotes":""},"class_list":["post-3868","page","type-page","status-publish","hentry"],"_links":{"self":[{"href":"https:\/\/otec.cat\/es\/wp-json\/wp\/v2\/pages\/3868","targetHints":{"allow":["GET"]}}],"collection":[{"href":"https:\/\/otec.cat\/es\/wp-json\/wp\/v2\/pages"}],"about":[{"href":"https:\/\/otec.cat\/es\/wp-json\/wp\/v2\/types\/page"}],"author":[{"embeddable":true,"href":"https:\/\/otec.cat\/es\/wp-json\/wp\/v2\/users\/1"}],"replies":[{"embeddable":true,"href":"https:\/\/otec.cat\/es\/wp-json\/wp\/v2\/comments?post=3868"}],"version-history":[{"count":2,"href":"https:\/\/otec.cat\/es\/wp-json\/wp\/v2\/pages\/3868\/revisions"}],"predecessor-version":[{"id":3870,"href":"https:\/\/otec.cat\/es\/wp-json\/wp\/v2\/pages\/3868\/revisions\/3870"}],"wp:attachment":[{"href":"https:\/\/otec.cat\/es\/wp-json\/wp\/v2\/media?parent=3868"}],"curies":[{"name":"wp","href":"https:\/\/api.w.org\/{rel}","templated":true}]}}